{"id":452,"date":"2018-09-22T16:40:32","date_gmt":"2018-09-22T14:40:32","guid":{"rendered":"http:\/\/gabsymusic.com\/?page_id=452"},"modified":"2018-09-22T16:41:12","modified_gmt":"2018-09-22T14:41:12","slug":"mentions-legales","status":"publish","type":"page","link":"http:\/\/gabsymusic.com\/en\/mentions-legales\/","title":{"rendered":"Mentions L\u00e9gales"},"content":{"rendered":"<h1>Mentions L\u00e9gales<\/h1>\n<p><strong>www.gabsymusic.com appartient \u00e0 :<\/strong><\/p>\n<p>Gabriel Charrier<br \/>\n&#8220;gabsy&#8221;<\/p>\n<p><strong>www.gabsymusic.com est \u00e9dit\u00e9 par :<\/strong><\/p>\n<p>David Aymond \/ www.uneplacesurleweb.fr<br \/>\ncontact@uneplacesurleweb.fr<br \/>\ntel : 0620748205<\/p>\n<p>Immatriculation aupr\u00e8s du RCS : 835 232 463<br \/>\nsous le regime micro-entreprise, non assujeti \u00e0 la TVA<\/p>\n<p><strong>H\u00e9bergement:<\/strong><\/p>\n<p>OVH<br \/>\nNew London House, 6 London Street<br \/>\nPhone: 0333 370 0425 \u2013 Email: customersupport@ovh.co.uk \u2013<br \/>\nWeb: http:\/\/www.ovh.co.uk<br \/>\nCompany registration No. 5519821. Registered in England and Wales.<br \/>\nVAT No: GB 918 7594 74<\/p>\n<p><strong>Cr\u00e9dit Photo<\/strong><\/p>\n<p><strong>Cr\u00e9dit Vid\u00e9o<\/strong><\/p>\n<p><strong>Cr\u00e9dit Musique<\/strong><\/p>\n","protected":false},"excerpt":{"rendered":"<p>Mentions L\u00e9gales www.gabsymusic.com appartient \u00e0 : Gabriel Charrier &#8220;gabsy&#8221; www.gabsymusic.com est \u00e9dit\u00e9 par : David Aymond \/ www.uneplacesurleweb.fr contact@uneplacesurleweb.fr tel : 0620748205 Immatriculation aupr\u00e8s du RCS : 835 232 463 sous le regime micro-entreprise, non assujeti \u00e0 la TVA H\u00e9bergement: &#8230; <\/p>\n<div><a href=\"http:\/\/gabsymusic.com\/en\/mentions-legales\/\" class=\"more-link\">Read More<\/a><\/div>\n","protected":false},"author":1,"featured_media":0,"parent":0,"menu_order":0,"comment_status":"closed","ping_status":"closed","template":"","meta":[],"_links":{"self":[{"href":"http:\/\/gabsymusic.com\/en\/wp-json\/wp\/v2\/pages\/452\/"}],"collection":[{"href":"http:\/\/gabsymusic.com\/en\/wp-json\/wp\/v2\/pages\/"}],"about":[{"href":"http:\/\/gabsymusic.com\/en\/wp-json\/wp\/v2\/types\/page\/"}],"author":[{"embeddable":true,"href":"http:\/\/gabsymusic.com\/en\/wp-json\/wp\/v2\/users\/1\/"}],"replies":[{"embeddable":true,"href":"http:\/\/gabsymusic.com\/en\/wp-json\/wp\/v2\/comments\/?post=452"}],"version-history":[{"count":1,"href":"http:\/\/gabsymusic.com\/en\/wp-json\/wp\/v2\/pages\/452\/revisions\/"}],"predecessor-version":[{"id":453,"href":"http:\/\/gabsymusic.com\/en\/wp-json\/wp\/v2\/pages\/452\/revisions\/453\/"}],"wp:attachment":[{"href":"http:\/\/gabsymusic.com\/en\/wp-json\/wp\/v2\/media\/?parent=452"}],"curies":[{"name":"wp","href":"https:\/\/api.w.org\/{rel}","templated":true}]}}